{"id":121,"date":"2025-03-01T03:59:22","date_gmt":"2025-03-01T02:59:22","guid":{"rendered":"https:\/\/w4.orbidi.tech\/sobre-nosotros\/"},"modified":"2025-09-08T21:30:00","modified_gmt":"2025-09-08T19:30:00","slug":"sobre-nosotros","status":"publish","type":"page","link":"https:\/\/www.ttdo.tech\/en-uk\/sobre-nosotros\/","title":{"rendered":"Sobre nosotros"},"content":{"rendered":"<div data-elementor-type=\"wp-page\" data-elementor-id=\"121\" class=\"elementor elementor-121\" data-elementor-post-type=\"page\">\n\t\t\t\t<div class=\"elementor-element elementor-element-7bb28c0 e-con-full e-flex e-con e-parent\" data-id=\"7bb28c0\" data-element_type=\"container\" data-settings=\"{&quot;background_background&quot;:&quot;video&quot;,&quot;background_video_link&quot;:&quot;https:\\\/\\\/www.ttdo.pro\\\/wp-content\\\/uploads\\\/2025\\\/08\\\/TTDo_subtitles.mp4&quot;,&quot;background_play_on_mobile&quot;:&quot;yes&quot;}\">\n\t\t<div class=\"elementor-background-video-container\" aria-hidden=\"true\">\n\t\t\t\t\t\t\t<video class=\"elementor-background-video-hosted\" autoplay muted playsinline loop><\/video>\n\t\t\t\t\t<\/div>\t\t<div class=\"elementor-element elementor-element-efe0dac elementor-widget__width-initial elementor-widget-tablet__width-inherit elementor-widget elementor-widget-heading\" data-id=\"efe0dac\" data-element_type=\"widget\" data-widget_type=\"heading.default\">\n\t\t\t\t<div class=\"elementor-widget-container\">\n\t\t\t\t\t<h1 class=\"elementor-heading-title elementor-size-default\">ABOUT US<\/h1>\t\t\t\t<\/div>\n\t\t\t\t<\/div>\n\t\t\t\t<\/div>\n\t\t<div class=\"elementor-element elementor-element-24d93ea e-con-full e-flex e-con e-parent\" data-id=\"24d93ea\" data-element_type=\"container\" data-settings=\"{&quot;background_background&quot;:&quot;classic&quot;}\">\n\t\t<div class=\"elementor-element elementor-element-d184d73 e-flex e-con-boxed e-con e-child\" data-id=\"d184d73\" data-element_type=\"container\" data-settings=\"{&quot;background_background&quot;:&quot;classic&quot;}\">\n\t\t\t\t\t<div class=\"e-con-inner\">\n\t\t<div class=\"elementor-element elementor-element-a2f9013 e-con-full e-flex e-con e-child\" data-id=\"a2f9013\" data-element_type=\"container\" data-settings=\"{&quot;background_background&quot;:&quot;classic&quot;}\">\n\t\t\t\t<\/div>\n\t\t<div class=\"elementor-element elementor-element-d9cbc3d e-con-full e-flex e-con e-child\" data-id=\"d9cbc3d\" data-element_type=\"container\">\n\t\t\t\t<div class=\"elementor-element elementor-element-1952782 elementor-widget__width-initial elementor-widget elementor-widget-heading\" data-id=\"1952782\" data-element_type=\"widget\" data-widget_type=\"heading.default\">\n\t\t\t\t<div class=\"elementor-widget-container\">\n\t\t\t\t\t<div class=\"elementor-heading-title elementor-size-default\">Experts in advanced textile technology<\/div>\t\t\t\t<\/div>\n\t\t\t\t<\/div>\n\t\t\t\t<div class=\"elementor-element elementor-element-225063c elementor-widget__width-initial elementor-widget elementor-widget-text-editor\" data-id=\"225063c\" data-element_type=\"widget\" data-widget_type=\"text-editor.default\">\n\t\t\t\t<div class=\"elementor-widget-container\">\n\t\t\t\t\t\t\t\t\t<p>Techno Textile Domains (TTDo) pretende liderar la transformaci\u00f3n digital de las personas mediante herramientas tecnol\u00f3gicas disruptivas. Mejora la seguridad, la eficiencia y la gesti\u00f3n en planta, reduciendo accidentes y aumentando la productividad laboral.<\/p><p>En TTDo revolucionamos la forma en que los trabajadores interact\u00faan con el ecosistema industrial digital, convirtiendo la visi\u00f3n de la industria 5.0 en una realidad.<\/p><p>Nuestra tecnolog\u00eda de ropa inteligente permite una comunicaci\u00f3n fluida entre personas, m\u00e1quinas y entornos industriales, creando un entorno laboral conectado, eficiente y centrado en el ser humano.<\/p><p>Nuestra misi\u00f3n: humanizar la tecnolog\u00eda y poner la innovaci\u00f3n al servicio de quienes la utilizan.<\/p>\t\t\t\t\t\t\t\t<\/div>\n\t\t\t\t<\/div>\n\t\t\t\t<\/div>\n\t\t\t\t\t<\/div>\n\t\t\t\t<\/div>\n\t\t\t\t<\/div>\n\t\t<div class=\"elementor-element elementor-element-57e1f44 e-flex e-con-boxed e-con e-parent\" data-id=\"57e1f44\" data-element_type=\"container\">\n\t\t\t\t\t<div class=\"e-con-inner\">\n\t\t<div class=\"elementor-element elementor-element-908bb6b e-con-full e-flex e-con e-child\" data-id=\"908bb6b\" data-element_type=\"container\">\n\t\t\t\t<div class=\"elementor-element elementor-element-7131a47 elementor-widget__width-initial elementor-widget elementor-widget-heading\" data-id=\"7131a47\" data-element_type=\"widget\" data-widget_type=\"heading.default\">\n\t\t\t\t<div class=\"elementor-widget-container\">\n\t\t\t\t\t<div class=\"elementor-heading-title elementor-size-default\">Meet the team<\/div>\t\t\t\t<\/div>\n\t\t\t\t<\/div>\n\t\t\t\t<\/div>\n\t\t<div class=\"elementor-element elementor-element-3666810 e-con-full e-flex e-con e-child\" data-id=\"3666810\" data-element_type=\"container\" data-settings=\"{&quot;background_background&quot;:&quot;classic&quot;}\">\n\t\t\t\t<div class=\"elementor-element elementor-element-89f7210 elementor-widget elementor-widget-image\" data-id=\"89f7210\" data-element_type=\"widget\" data-widget_type=\"image.default\">\n\t\t\t\t<div class=\"elementor-widget-container\">\n\t\t\t\t\t\t\t\t\t\t\t\t\t\t\t<img fetchpriority=\"high\" decoding=\"async\" width=\"682\" height=\"800\" src=\"https:\/\/www.ttdo.tech\/wp-content\/uploads\/2025\/08\/image.jpg\" class=\"attachment-large size-large wp-image-1003\" alt=\"\" srcset=\"https:\/\/www.ttdo.tech\/wp-content\/uploads\/2025\/08\/image.jpg 682w, https:\/\/www.ttdo.tech\/wp-content\/uploads\/2025\/08\/image-256x300.jpg 256w, https:\/\/www.ttdo.tech\/wp-content\/uploads\/2025\/08\/image-600x704.jpg 600w\" sizes=\"(max-width: 682px) 100vw, 682px\" \/>\t\t\t\t\t\t\t\t\t\t\t\t\t\t\t<\/div>\n\t\t\t\t<\/div>\n\t\t\t\t<div class=\"elementor-element elementor-element-dcb1c8a elementor-widget elementor-widget-heading\" data-id=\"dcb1c8a\" data-element_type=\"widget\" data-widget_type=\"heading.default\">\n\t\t\t\t<div class=\"elementor-widget-container\">\n\t\t\t\t\t<h2 class=\"elementor-heading-title elementor-size-default\">Albert Dominguez<\/h2>\t\t\t\t<\/div>\n\t\t\t\t<\/div>\n\t\t\t\t<div class=\"elementor-element elementor-element-6724afe elementor-widget elementor-widget-heading\" data-id=\"6724afe\" data-element_type=\"widget\" data-widget_type=\"heading.default\">\n\t\t\t\t<div class=\"elementor-widget-container\">\n\t\t\t\t\t<h2 class=\"elementor-heading-title elementor-size-default\">CEO \u2013 ENGINEERING<\/h2>\t\t\t\t<\/div>\n\t\t\t\t<\/div>\n\t\t\t\t<\/div>\n\t\t<div class=\"elementor-element elementor-element-1226b65 e-con-full e-flex e-con e-child\" data-id=\"1226b65\" data-element_type=\"container\" data-settings=\"{&quot;background_background&quot;:&quot;classic&quot;}\">\n\t\t\t\t<div class=\"elementor-element elementor-element-b1265a0 elementor-widget elementor-widget-image\" data-id=\"b1265a0\" data-element_type=\"widget\" data-widget_type=\"image.default\">\n\t\t\t\t<div class=\"elementor-widget-container\">\n\t\t\t\t\t\t\t\t\t\t\t\t\t\t\t<img decoding=\"async\" width=\"684\" height=\"800\" src=\"https:\/\/www.ttdo.tech\/wp-content\/uploads\/2025\/08\/image-1.jpg\" class=\"attachment-large size-large wp-image-1004\" alt=\"\" srcset=\"https:\/\/www.ttdo.tech\/wp-content\/uploads\/2025\/08\/image-1.jpg 684w, https:\/\/www.ttdo.tech\/wp-content\/uploads\/2025\/08\/image-1-257x300.jpg 257w, https:\/\/www.ttdo.tech\/wp-content\/uploads\/2025\/08\/image-1-600x702.jpg 600w\" sizes=\"(max-width: 684px) 100vw, 684px\" \/>\t\t\t\t\t\t\t\t\t\t\t\t\t\t\t<\/div>\n\t\t\t\t<\/div>\n\t\t\t\t<div class=\"elementor-element elementor-element-57fd352 elementor-widget elementor-widget-heading\" data-id=\"57fd352\" data-element_type=\"widget\" data-widget_type=\"heading.default\">\n\t\t\t\t<div class=\"elementor-widget-container\">\n\t\t\t\t\t<h2 class=\"elementor-heading-title elementor-size-default\">Xavier Nolla<\/h2>\t\t\t\t<\/div>\n\t\t\t\t<\/div>\n\t\t\t\t<div class=\"elementor-element elementor-element-c307780 elementor-widget elementor-widget-heading\" data-id=\"c307780\" data-element_type=\"widget\" data-widget_type=\"heading.default\">\n\t\t\t\t<div class=\"elementor-widget-container\">\n\t\t\t\t\t<h2 class=\"elementor-heading-title elementor-size-default\">CTO<\/h2>\t\t\t\t<\/div>\n\t\t\t\t<\/div>\n\t\t\t\t<\/div>\n\t\t<div class=\"elementor-element elementor-element-90b2b04 e-con-full e-flex e-con e-child\" data-id=\"90b2b04\" data-element_type=\"container\" data-settings=\"{&quot;background_background&quot;:&quot;classic&quot;}\">\n\t\t\t\t<div class=\"elementor-element elementor-element-764f0e5 elementor-widget elementor-widget-image\" data-id=\"764f0e5\" data-element_type=\"widget\" data-widget_type=\"image.default\">\n\t\t\t\t<div class=\"elementor-widget-container\">\n\t\t\t\t\t\t\t\t\t\t\t\t\t\t\t<img decoding=\"async\" width=\"682\" height=\"800\" src=\"https:\/\/www.ttdo.tech\/wp-content\/uploads\/2025\/08\/image-2.jpg\" class=\"attachment-large size-large wp-image-1005\" alt=\"\" srcset=\"https:\/\/www.ttdo.tech\/wp-content\/uploads\/2025\/08\/image-2.jpg 682w, https:\/\/www.ttdo.tech\/wp-content\/uploads\/2025\/08\/image-2-256x300.jpg 256w, https:\/\/www.ttdo.tech\/wp-content\/uploads\/2025\/08\/image-2-600x704.jpg 600w\" sizes=\"(max-width: 682px) 100vw, 682px\" \/>\t\t\t\t\t\t\t\t\t\t\t\t\t\t\t<\/div>\n\t\t\t\t<\/div>\n\t\t\t\t<div class=\"elementor-element elementor-element-90dc3ca elementor-widget elementor-widget-heading\" data-id=\"90dc3ca\" data-element_type=\"widget\" data-widget_type=\"heading.default\">\n\t\t\t\t<div class=\"elementor-widget-container\">\n\t\t\t\t\t<h2 class=\"elementor-heading-title elementor-size-default\">Oscar L\u00f3pez<\/h2>\t\t\t\t<\/div>\n\t\t\t\t<\/div>\n\t\t\t\t<div class=\"elementor-element elementor-element-f2505f6 elementor-widget elementor-widget-heading\" data-id=\"f2505f6\" data-element_type=\"widget\" data-widget_type=\"heading.default\">\n\t\t\t\t<div class=\"elementor-widget-container\">\n\t\t\t\t\t<h2 class=\"elementor-heading-title elementor-size-default\">CFO<\/h2>\t\t\t\t<\/div>\n\t\t\t\t<\/div>\n\t\t\t\t<\/div>\n\t\t\t\t\t<\/div>\n\t\t\t\t<\/div>\n\t\t<div class=\"elementor-element elementor-element-3b07834 e-flex e-con-boxed e-con e-parent\" data-id=\"3b07834\" data-element_type=\"container\">\n\t\t\t\t\t<div class=\"e-con-inner\">\n\t\t<div class=\"elementor-element elementor-element-dd6d27a e-con-full e-flex e-con e-child\" data-id=\"dd6d27a\" data-element_type=\"container\">\n\t\t\t\t<div class=\"elementor-element elementor-element-5096c16 elementor-widget__width-initial elementor-widget elementor-widget-heading\" data-id=\"5096c16\" data-element_type=\"widget\" data-widget_type=\"heading.default\">\n\t\t\t\t<div class=\"elementor-widget-container\">\n\t\t\t\t\t<div class=\"elementor-heading-title elementor-size-default\">Partners<\/div>\t\t\t\t<\/div>\n\t\t\t\t<\/div>\n\t\t\t\t<\/div>\n\t\t<div class=\"elementor-element elementor-element-a4a56c2 e-con-full e-flex e-con e-child\" data-id=\"a4a56c2\" data-element_type=\"container\">\n\t\t\t\t<div class=\"elementor-element elementor-element-1506d91 elementor-hidden-desktop elementor-hidden-tablet elementor-hidden-mobile elementor-arrows-position-inside elementor-pagination-position-outside elementor-widget elementor-widget-image-carousel\" data-id=\"1506d91\" data-element_type=\"widget\" data-settings=\"{&quot;navigation&quot;:&quot;both&quot;,&quot;autoplay&quot;:&quot;yes&quot;,&quot;pause_on_hover&quot;:&quot;yes&quot;,&quot;pause_on_interaction&quot;:&quot;yes&quot;,&quot;autoplay_speed&quot;:5000,&quot;infinite&quot;:&quot;yes&quot;,&quot;speed&quot;:500}\" data-widget_type=\"image-carousel.default\">\n\t\t\t\t<div class=\"elementor-widget-container\">\n\t\t\t\t\t\t\t<div class=\"elementor-image-carousel-wrapper swiper\" role=\"region\" aria-roledescription=\"carousel\" aria-label=\"Carrusel de im\u00e1genes\" dir=\"ltr\">\n\t\t\t<div class=\"elementor-image-carousel swiper-wrapper\" aria-live=\"off\">\n\t\t\t\t\t\t\t\t<div class=\"swiper-slide\" role=\"group\" aria-roledescription=\"slide\" aria-label=\"1 de 5\"><figure class=\"swiper-slide-inner\"><img decoding=\"async\" class=\"swiper-slide-image\" src=\"https:\/\/www.ttdo.tech\/wp-content\/uploads\/2025\/07\/logo-accio-catalunya.jpg\" alt=\"logo-accio-catalunya\" \/><\/figure><\/div><div class=\"swiper-slide\" role=\"group\" aria-roledescription=\"slide\" aria-label=\"2 de 5\"><figure class=\"swiper-slide-inner\"><img decoding=\"async\" class=\"swiper-slide-image\" src=\"https:\/\/www.ttdo.tech\/wp-content\/uploads\/2025\/07\/logo-eoi.jpg\" alt=\"logo-eoi\" \/><\/figure><\/div><div class=\"swiper-slide\" role=\"group\" aria-roledescription=\"slide\" aria-label=\"3 de 5\"><figure class=\"swiper-slide-inner\"><img decoding=\"async\" class=\"swiper-slide-image\" src=\"https:\/\/www.ttdo.tech\/wp-content\/uploads\/2025\/07\/logo-go2scale.jpg\" alt=\"logo-go2scale\" \/><\/figure><\/div><div class=\"swiper-slide\" role=\"group\" aria-roledescription=\"slide\" aria-label=\"4 de 5\"><figure class=\"swiper-slide-inner\"><img decoding=\"async\" class=\"swiper-slide-image\" src=\"https:\/\/www.ttdo.tech\/wp-content\/uploads\/2025\/07\/logotipo-eurecat.jpg\" alt=\"logotipo-eurecat\" \/><\/figure><\/div><div class=\"swiper-slide\" role=\"group\" aria-roledescription=\"slide\" aria-label=\"5 de 5\"><figure class=\"swiper-slide-inner\"><img decoding=\"async\" class=\"swiper-slide-image\" src=\"https:\/\/www.ttdo.tech\/wp-content\/uploads\/2025\/07\/logo-wayra-telefonica.jpg\" alt=\"logo-wayra-telefonica\" \/><\/figure><\/div>\t\t\t<\/div>\n\t\t\t\t\t\t\t\t\t\t\t\t<div class=\"elementor-swiper-button elementor-swiper-button-prev\" role=\"button\" tabindex=\"0\">\n\t\t\t\t\t\t<svg aria-hidden=\"true\" class=\"e-font-icon-svg e-eicon-chevron-left\" viewbox=\"0 0 1000 1000\" xmlns=\"http:\/\/www.w3.org\/2000\/svg\"><path d=\"M646 125C629 125 613 133 604 142L308 442C296 454 292 471 292 487 292 504 296 521 308 533L604 854C617 867 629 875 646 875 663 875 679 871 692 858 704 846 713 829 713 812 713 796 708 779 692 767L438 487 692 225C700 217 708 204 708 187 708 171 704 154 692 142 675 129 663 125 646 125Z\"><\/path><\/svg>\t\t\t\t\t<\/div>\n\t\t\t\t\t<div class=\"elementor-swiper-button elementor-swiper-button-next\" role=\"button\" tabindex=\"0\">\n\t\t\t\t\t\t<svg aria-hidden=\"true\" class=\"e-font-icon-svg e-eicon-chevron-right\" viewbox=\"0 0 1000 1000\" xmlns=\"http:\/\/www.w3.org\/2000\/svg\"><path d=\"M696 533C708 521 713 504 713 487 713 471 708 454 696 446L400 146C388 133 375 125 354 125 338 125 325 129 313 142 300 154 292 171 292 187 292 204 296 221 308 233L563 492 304 771C292 783 288 800 288 817 288 833 296 850 308 863 321 871 338 875 354 875 371 875 388 867 400 854L696 533Z\"><\/path><\/svg>\t\t\t\t\t<\/div>\n\t\t\t\t\n\t\t\t\t\t\t\t\t\t<div class=\"swiper-pagination\"><\/div>\n\t\t\t\t\t\t\t\t\t<\/div>\n\t\t\t\t\t\t<\/div>\n\t\t\t\t<\/div>\n\t\t\t\t<div class=\"elementor-element elementor-element-9f81992 elementor-widget elementor-widget-image\" data-id=\"9f81992\" data-element_type=\"widget\" data-widget_type=\"image.default\">\n\t\t\t\t<div class=\"elementor-widget-container\">\n\t\t\t\t\t\t\t\t\t\t\t\t\t\t\t<img loading=\"lazy\" decoding=\"async\" width=\"800\" height=\"110\" src=\"https:\/\/www.ttdo.tech\/wp-content\/uploads\/2025\/09\/Frame-289605.svg\" class=\"attachment-large size-large wp-image-1373\" alt=\"\" \/>\t\t\t\t\t\t\t\t\t\t\t\t\t\t\t<\/div>\n\t\t\t\t<\/div>\n\t\t\t\t<\/div>\n\t\t\t\t\t<\/div>\n\t\t\t\t<\/div>\n\t\t\t\t<\/div>","protected":false},"excerpt":{"rendered":"<p>nosotros Expertos en tecnolog\u00eda textil avanzada Techno Textile Domains (TTDo) pretende liderar la transformaci\u00f3n digital de las personas mediante herramientas tecnol\u00f3gicas disruptivas. Mejora la seguridad, la eficiencia y la gesti\u00f3n en planta, reduciendo accidentes y aumentando la productividad laboral. En TTDo revolucionamos la forma en que los trabajadores interact\u00faan con el ecosistema industrial digital, convirtiendo [&hellip;]<\/p>","protected":false},"author":1,"featured_media":0,"parent":0,"menu_order":0,"comment_status":"closed","ping_status":"closed","template":"","meta":{"footnotes":""},"class_list":["post-121","page","type-page","status-publish","hentry"],"_links":{"self":[{"href":"https:\/\/www.ttdo.tech\/en-uk\/wp-json\/wp\/v2\/pages\/121","targetHints":{"allow":["GET"]}}],"collection":[{"href":"https:\/\/www.ttdo.tech\/en-uk\/wp-json\/wp\/v2\/pages"}],"about":[{"href":"https:\/\/www.ttdo.tech\/en-uk\/wp-json\/wp\/v2\/types\/page"}],"author":[{"embeddable":true,"href":"https:\/\/www.ttdo.tech\/en-uk\/wp-json\/wp\/v2\/users\/1"}],"replies":[{"embeddable":true,"href":"https:\/\/www.ttdo.tech\/en-uk\/wp-json\/wp\/v2\/comments?post=121"}],"version-history":[{"count":109,"href":"https:\/\/www.ttdo.tech\/en-uk\/wp-json\/wp\/v2\/pages\/121\/revisions"}],"predecessor-version":[{"id":1382,"href":"https:\/\/www.ttdo.tech\/en-uk\/wp-json\/wp\/v2\/pages\/121\/revisions\/1382"}],"wp:attachment":[{"href":"https:\/\/www.ttdo.tech\/en-uk\/wp-json\/wp\/v2\/media?parent=121"}],"curies":[{"name":"wp","href":"https:\/\/api.w.org\/{rel}","templated":true}]}}