{"id":664,"date":"2025-07-30T00:15:46","date_gmt":"2025-07-29T22:15:46","guid":{"rendered":"https:\/\/www.ttdo.pro\/?page_id=664"},"modified":"2025-08-21T21:06:49","modified_gmt":"2025-08-21T19:06:49","slug":"eficiencia","status":"publish","type":"page","link":"https:\/\/www.ttdo.tech\/en-uk\/proyecto\/eficiencia\/","title":{"rendered":"Efficiency"},"content":{"rendered":"<div data-elementor-type=\"wp-page\" data-elementor-id=\"664\" class=\"elementor elementor-664\" data-elementor-post-type=\"page\">\n\t\t\t\t<div class=\"elementor-element elementor-element-bb77ba9 e-con-full e-flex e-con e-child\" data-id=\"bb77ba9\" data-element_type=\"container\" data-settings=\"{&quot;background_background&quot;:&quot;classic&quot;}\">\n\t\t<div class=\"elementor-element elementor-element-7e7b6b6 e-con-full e-flex e-con e-child\" data-id=\"7e7b6b6\" data-element_type=\"container\" data-settings=\"{&quot;background_background&quot;:&quot;classic&quot;}\">\n\t\t\t\t<div class=\"elementor-element elementor-element-90cb9ea elementor-widget__width-initial elementor-widget-tablet__width-inherit elementor-widget elementor-widget-heading\" data-id=\"90cb9ea\" data-element_type=\"widget\" data-widget_type=\"heading.default\">\n\t\t\t\t<div class=\"elementor-widget-container\">\n\t\t\t\t\t<h1 class=\"elementor-heading-title elementor-size-default\">Efficiency<\/h1>\t\t\t\t<\/div>\n\t\t\t\t<\/div>\n\t\t\t\t<\/div>\n\t\t\t\t<\/div>\n\t\t<div class=\"elementor-element elementor-element-f2561d8 e-flex e-con-boxed e-con e-child\" data-id=\"f2561d8\" data-element_type=\"container\" data-settings=\"{&quot;background_background&quot;:&quot;classic&quot;}\">\n\t\t\t\t\t<div class=\"e-con-inner\">\n\t\t<div class=\"elementor-element elementor-element-b875edb e-con-full e-flex e-con e-child\" data-id=\"b875edb\" data-element_type=\"container\" data-settings=\"{&quot;background_background&quot;:&quot;classic&quot;}\">\n\t\t\t\t<\/div>\n\t\t<div class=\"elementor-element elementor-element-d089313 e-con-full e-flex e-con e-child\" data-id=\"d089313\" data-element_type=\"container\">\n\t\t\t\t<div class=\"elementor-element elementor-element-6d21300 elementor-widget__width-initial elementor-widget elementor-widget-heading\" data-id=\"6d21300\" data-element_type=\"widget\" data-widget_type=\"heading.default\">\n\t\t\t\t<div class=\"elementor-widget-container\">\n\t\t\t\t\t<div class=\"elementor-heading-title elementor-size-default\">Efficiency<\/div>\t\t\t\t<\/div>\n\t\t\t\t<\/div>\n\t\t\t\t<div class=\"elementor-element elementor-element-0becb96 elementor-widget__width-initial elementor-hidden-tablet elementor-hidden-mobile elementor-widget elementor-widget-text-editor\" data-id=\"0becb96\" data-element_type=\"widget\" data-widget_type=\"text-editor.default\">\n\t\t\t\t<div class=\"elementor-widget-container\">\n\t\t\t\t\t\t\t\t\t<p>La eficiencia industrial no depende solo de los procesos, sino de la<br \/>capacidad de anticiparse a las incidencias y tomar decisiones basadas en<br \/>datos. Nuestra ropa inteligente recoge informaci\u00f3n clave del entorno de<br \/>trabajo, genera alertas y permite una mejor gesti\u00f3n del rendimiento en<br \/>planta.<\/p>\t\t\t\t\t\t\t\t<\/div>\n\t\t\t\t<\/div>\n\t\t\t\t<div class=\"elementor-element elementor-element-ba36bb8 elementor-widget__width-initial elementor-hidden-desktop elementor-widget elementor-widget-text-editor\" data-id=\"ba36bb8\" data-element_type=\"widget\" data-widget_type=\"text-editor.default\">\n\t\t\t\t<div class=\"elementor-widget-container\">\n\t\t\t\t\t\t\t\t\t<p>La eficiencia industrial no depende solo de los procesos, sino de la capacidad de anticiparse a las incidencias y tomar decisiones basadas en datos. Nuestra ropa inteligente recoge informaci\u00f3n clave del entorno de trabajo, genera alertas y permite una mejor gesti\u00f3n del rendimiento en planta.<\/p>\t\t\t\t\t\t\t\t<\/div>\n\t\t\t\t<\/div>\n\t\t\t\t<\/div>\n\t\t\t\t\t<\/div>\n\t\t\t\t<\/div>\n\t\t<div class=\"elementor-element elementor-element-4ae158b e-flex e-con-boxed e-con e-child\" data-id=\"4ae158b\" data-element_type=\"container\" data-settings=\"{&quot;background_background&quot;:&quot;classic&quot;}\">\n\t\t\t\t\t<div class=\"e-con-inner\">\n\t\t<div class=\"elementor-element elementor-element-1fa2366 e-con-full e-flex e-con e-child\" data-id=\"1fa2366\" data-element_type=\"container\" data-settings=\"{&quot;background_background&quot;:&quot;classic&quot;}\">\n\t\t\t\t<\/div>\n\t\t<div class=\"elementor-element elementor-element-5838861 e-con-full e-flex e-con e-child\" data-id=\"5838861\" data-element_type=\"container\">\n\t\t\t\t<div class=\"elementor-element elementor-element-9aa523d elementor-widget__width-initial elementor-widget elementor-widget-heading\" data-id=\"9aa523d\" data-element_type=\"widget\" data-widget_type=\"heading.default\">\n\t\t\t\t<div class=\"elementor-widget-container\">\n\t\t\t\t\t<div class=\"elementor-heading-title elementor-size-default\">Industrial Operations<\/div>\t\t\t\t<\/div>\n\t\t\t\t<\/div>\n\t\t\t\t<div class=\"elementor-element elementor-element-56fb292 elementor-widget__width-initial elementor-hidden-tablet elementor-hidden-mobile elementor-widget elementor-widget-text-editor\" data-id=\"56fb292\" data-element_type=\"widget\" data-widget_type=\"text-editor.default\">\n\t\t\t\t<div class=\"elementor-widget-container\">\n\t\t\t\t\t\t\t\t\t<p><strong>Alertas preventivas de parada de m\u00e1quina<br \/><\/strong>Detectan patrones de funcionamiento an\u00f3malos para anticipar fallos y<br \/>evitar paros innecesarios en la l\u00ednea de producci\u00f3n.\u2028<\/p><p><strong>Alertas inmediatas de parada de m\u00e1quina<br \/><\/strong>En caso de detenci\u00f3n inesperada, el sistema env\u00eda avisos al instante al<br \/>personal responsable para iniciar protocolos de reactivaci\u00f3n.\u2028<\/p><p><strong>Alertas al personal de servicio con KPIs fuera de objetivo<br \/><\/strong>Identifica desviaciones en indicadores clave de rendimiento (KPIs) y<br \/>notifica directamente al equipo t\u00e9cnico para actuar con rapidez.<\/p>\t\t\t\t\t\t\t\t<\/div>\n\t\t\t\t<\/div>\n\t\t\t\t<div class=\"elementor-element elementor-element-ebdd988 elementor-widget__width-initial elementor-hidden-desktop elementor-widget elementor-widget-text-editor\" data-id=\"ebdd988\" data-element_type=\"widget\" data-widget_type=\"text-editor.default\">\n\t\t\t\t<div class=\"elementor-widget-container\">\n\t\t\t\t\t\t\t\t\t<p><strong>Alertas preventivas de parada de m\u00e1quina<br \/><\/strong>Detectan patrones de funcionamiento an\u00f3malos para anticipar fallos y evitar paros innecesarios en la l\u00ednea de producci\u00f3n.\u2028<\/p><p><strong>Alertas inmediatas de parada de m\u00e1quina<br \/><\/strong>En caso de detenci\u00f3n inesperada, el sistema env\u00eda avisos al instante al personal responsable para iniciar protocolos de reactivaci\u00f3n.\u2028<\/p><p><strong>Alertas al personal de servicio con KPIs fuera de objetivo<br \/><\/strong>Identifica desviaciones en indicadores clave de rendimiento (KPIs) y notifica directamente al equipo t\u00e9cnico para actuar con rapidez.<\/p>\t\t\t\t\t\t\t\t<\/div>\n\t\t\t\t<\/div>\n\t\t\t\t<\/div>\n\t\t\t\t\t<\/div>\n\t\t\t\t<\/div>\n\t\t<div class=\"elementor-element elementor-element-7f491e5 e-flex e-con-boxed e-con e-child\" data-id=\"7f491e5\" data-element_type=\"container\" data-settings=\"{&quot;background_background&quot;:&quot;classic&quot;}\">\n\t\t\t\t\t<div class=\"e-con-inner\">\n\t\t<div class=\"elementor-element elementor-element-bd8e298 e-con-full e-flex e-con e-child\" data-id=\"bd8e298\" data-element_type=\"container\" data-settings=\"{&quot;background_background&quot;:&quot;classic&quot;}\">\n\t\t\t\t<\/div>\n\t\t<div class=\"elementor-element elementor-element-6795e14 e-con-full e-flex e-con e-child\" data-id=\"6795e14\" data-element_type=\"container\">\n\t\t\t\t<div class=\"elementor-element elementor-element-526b271 elementor-widget__width-initial elementor-widget elementor-widget-heading\" data-id=\"526b271\" data-element_type=\"widget\" data-widget_type=\"heading.default\">\n\t\t\t\t<div class=\"elementor-widget-container\">\n\t\t\t\t\t<div class=\"elementor-heading-title elementor-size-default\">Gesti\u00f3n de planta<\/div>\t\t\t\t<\/div>\n\t\t\t\t<\/div>\n\t\t\t\t<div class=\"elementor-element elementor-element-a60c212 elementor-widget__width-initial elementor-hidden-tablet elementor-hidden-mobile elementor-widget elementor-widget-text-editor\" data-id=\"a60c212\" data-element_type=\"widget\" data-widget_type=\"text-editor.default\">\n\t\t\t\t<div class=\"elementor-widget-container\">\n\t\t\t\t\t\t\t\t\t<p><strong>Control horario<br \/><\/strong>Registra de forma autom\u00e1tica los tiempos de entrada, salida y pausas<br \/>del operario, sin dispositivos adicionales.<\/p><p><strong>Control de accesos<br \/><\/strong>Verifica la presencia de personal autorizado en zonas sensibles<br \/>mediante identificaci\u00f3n integrada en la prenda.\u2028<\/p><p><strong>Mapas de calor<br \/><\/strong>Visualiza zonas de mayor actividad o congesti\u00f3n dentro de la planta<br \/>para mejorar la distribuci\u00f3n de recursos y prevenir sobrecargas.<\/p>\t\t\t\t\t\t\t\t<\/div>\n\t\t\t\t<\/div>\n\t\t\t\t<div class=\"elementor-element elementor-element-420ff60 elementor-widget__width-initial elementor-hidden-desktop elementor-widget elementor-widget-text-editor\" data-id=\"420ff60\" data-element_type=\"widget\" data-widget_type=\"text-editor.default\">\n\t\t\t\t<div class=\"elementor-widget-container\">\n\t\t\t\t\t\t\t\t\t<p><strong>Control horario<br \/><\/strong>Registra de forma autom\u00e1tica los tiempos de entrada, salida y pausas del operario, sin dispositivos adicionales.<\/p><p><strong>Control de accesos<br \/><\/strong>Verifica la presencia de personal autorizado en zonas sensibles mediante identificaci\u00f3n integrada en la prenda.\u2028<\/p><p><strong>Mapas de calor<br \/><\/strong>Visualiza zonas de mayor actividad o congesti\u00f3n dentro de la planta para mejorar la distribuci\u00f3n de recursos y prevenir sobrecargas.<\/p>\t\t\t\t\t\t\t\t<\/div>\n\t\t\t\t<\/div>\n\t\t\t\t<\/div>\n\t\t\t\t\t<\/div>\n\t\t\t\t<\/div>\n\t\t\t\t<\/div>","protected":false},"excerpt":{"rendered":"<p>Mejora de Eficiencia La eficiencia industrial no depende solo de los procesos, sino de lacapacidad de anticiparse a las incidencias y tomar decisiones basadas endatos. Nuestra ropa inteligente recoge informaci\u00f3n clave del entorno detrabajo, genera alertas y permite una mejor gesti\u00f3n del rendimiento enplanta. La eficiencia industrial no depende solo de los procesos, sino de [&hellip;]<\/p>","protected":false},"author":1,"featured_media":0,"parent":534,"menu_order":0,"comment_status":"closed","ping_status":"closed","template":"","meta":{"footnotes":""},"class_list":["post-664","page","type-page","status-publish","hentry"],"_links":{"self":[{"href":"https:\/\/www.ttdo.tech\/en-uk\/wp-json\/wp\/v2\/pages\/664","targetHints":{"allow":["GET"]}}],"collection":[{"href":"https:\/\/www.ttdo.tech\/en-uk\/wp-json\/wp\/v2\/pages"}],"about":[{"href":"https:\/\/www.ttdo.tech\/en-uk\/wp-json\/wp\/v2\/types\/page"}],"author":[{"embeddable":true,"href":"https:\/\/www.ttdo.tech\/en-uk\/wp-json\/wp\/v2\/users\/1"}],"replies":[{"embeddable":true,"href":"https:\/\/www.ttdo.tech\/en-uk\/wp-json\/wp\/v2\/comments?post=664"}],"version-history":[{"count":19,"href":"https:\/\/www.ttdo.tech\/en-uk\/wp-json\/wp\/v2\/pages\/664\/revisions"}],"predecessor-version":[{"id":994,"href":"https:\/\/www.ttdo.tech\/en-uk\/wp-json\/wp\/v2\/pages\/664\/revisions\/994"}],"up":[{"embeddable":true,"href":"https:\/\/www.ttdo.tech\/en-uk\/wp-json\/wp\/v2\/pages\/534"}],"wp:attachment":[{"href":"https:\/\/www.ttdo.tech\/en-uk\/wp-json\/wp\/v2\/media?parent=664"}],"curies":[{"name":"wp","href":"https:\/\/api.w.org\/{rel}","templated":true}]}}